{"id":8,"date":"2025-05-05T11:30:33","date_gmt":"2025-05-05T11:30:33","guid":{"rendered":"https:\/\/chnobottes-racrange.fr\/?page_id=8"},"modified":"2025-05-09T21:21:33","modified_gmt":"2025-05-09T21:21:33","slug":"actualites","status":"publish","type":"page","link":"https:\/\/chnobottes-racrange.fr\/","title":{"rendered":"Actualit\u00e9s"},"content":{"rendered":"\n<div class=\"wp-block-columns is-layout-flex wp-container-core-columns-is-layout-9d6595d7 wp-block-columns-is-layout-flex\">\n<div class=\"wp-block-column is-layout-flow wp-block-column-is-layout-flow\"><ul class=\"wp-block-latest-posts__list has-dates wp-block-latest-posts\"><li><a class=\"wp-block-latest-posts__post-title\" href=\"https:\/\/chnobottes-racrange.fr\/?p=61\">Pause estivale<\/a><time datetime=\"2025-08-18T12:21:20+00:00\" class=\"wp-block-latest-posts__post-date\">ao\u00fbt 18, 2025<\/time><div class=\"wp-block-latest-posts__post-full-content\"><!-- wp:paragraph -->\n<p>En raison des temp\u00e9ratures et de la p\u00e9riode de vacances,<br>les marches du dimanche ne sont plus syst\u00e9matiques en juillet-aout.<br><br>Surveillez les messages sur vos t\u00e9l\u00e9phones pour  \u00eatre inform\u00e9s d&rsquo;\u00e9ventuelles<br>marches organis\u00e9es.<\/p>\n<!-- \/wp:paragraph --><\/div><\/li>\n<\/ul><\/div>\n\n\n\n<div class=\"wp-block-column is-layout-flow wp-block-column-is-layout-flow\">\n<h2 class=\"wp-block-heading\">D\u00e9couvrez notre topoguide<\/h2>\n\n\n\n<p>En association avec la CASAS, les chnobottes ont publi\u00e9 un topoguide pr\u00e9sentant 10 circuit de notre secteur. Chaque circuit est balis\u00e9 et entretenu par nos soins !<\/p>\n\n\n\n<p><a href=\"https:\/\/chnobottes-racrange.fr\/?page_id=38\" data-type=\"page\" data-id=\"38\">Cliquez ici<\/a><\/p>\n\n\n<div class=\"wp-block-image\">\n<figure class=\"aligncenter size-large is-resized\"><img loading=\"lazy\" decoding=\"async\" width=\"724\" height=\"1024\" src=\"https:\/\/chnobottes-racrange.fr\/wp-content\/uploads\/2025\/05\/Def-Composition-1-724x1024.jpg\" alt=\"\" class=\"wp-image-55\" style=\"width:157px;height:auto\" srcset=\"https:\/\/chnobottes-racrange.fr\/wp-content\/uploads\/2025\/05\/Def-Composition-1-724x1024.jpg 724w, https:\/\/chnobottes-racrange.fr\/wp-content\/uploads\/2025\/05\/Def-Composition-1-212x300.jpg 212w, https:\/\/chnobottes-racrange.fr\/wp-content\/uploads\/2025\/05\/Def-Composition-1-768x1086.jpg 768w, https:\/\/chnobottes-racrange.fr\/wp-content\/uploads\/2025\/05\/Def-Composition-1-1086x1536.jpg 1086w, https:\/\/chnobottes-racrange.fr\/wp-content\/uploads\/2025\/05\/Def-Composition-1.jpg 1447w\" sizes=\"auto, (max-width: 724px) 100vw, 724px\" \/><\/figure>\n<\/div><\/div>\n\n\n\n<div class=\"wp-block-column is-layout-flow wp-block-column-is-layout-flow\">\n<figure class=\"wp-block-gallery has-nested-images columns-default is-cropped wp-block-gallery-1 is-layout-flex wp-block-gallery-is-layout-flex\">\n<figure data-wp-context=\"{&quot;imageId&quot;:&quot;69defcedc1f05&quot;}\" data-wp-interactive=\"core\/image\" data-wp-key=\"69defcedc1f05\" class=\"wp-block-image size-large wp-lightbox-container\"><img loading=\"lazy\" decoding=\"async\" width=\"1024\" height=\"576\" data-wp-class--hide=\"state.isContentHidden\" data-wp-class--show=\"state.isContentVisible\" data-wp-init=\"callbacks.setButtonStyles\" data-wp-on--click=\"actions.showLightbox\" data-wp-on--load=\"callbacks.setButtonStyles\" data-wp-on-window--resize=\"callbacks.setButtonStyles\" data-id=\"32\" src=\"https:\/\/chnobottes-racrange.fr\/wp-content\/uploads\/2025\/05\/DSC_2558-1024x576.jpg\" alt=\"\" class=\"wp-image-32\" srcset=\"https:\/\/chnobottes-racrange.fr\/wp-content\/uploads\/2025\/05\/DSC_2558-1024x576.jpg 1024w, https:\/\/chnobottes-racrange.fr\/wp-content\/uploads\/2025\/05\/DSC_2558-300x169.jpg 300w, https:\/\/chnobottes-racrange.fr\/wp-content\/uploads\/2025\/05\/DSC_2558-768x432.jpg 768w, https:\/\/chnobottes-racrange.fr\/wp-content\/uploads\/2025\/05\/DSC_2558-1536x864.jpg 1536w, https:\/\/chnobottes-racrange.fr\/wp-content\/uploads\/2025\/05\/DSC_2558-2048x1152.jpg 2048w\" sizes=\"auto, (max-width: 1024px) 100vw, 1024px\" \/><button\n\t\t\tclass=\"lightbox-trigger\"\n\t\t\ttype=\"button\"\n\t\t\taria-haspopup=\"dialog\"\n\t\t\taria-label=\"Agrandir\"\n\t\t\tdata-wp-init=\"callbacks.initTriggerButton\"\n\t\t\tdata-wp-on--click=\"actions.showLightbox\"\n\t\t\tdata-wp-style--right=\"state.imageButtonRight\"\n\t\t\tdata-wp-style--top=\"state.imageButtonTop\"\n\t\t>\n\t\t\t<svg xmlns=\"http:\/\/www.w3.org\/2000\/svg\" width=\"12\" height=\"12\" fill=\"none\" viewBox=\"0 0 12 12\">\n\t\t\t\t<path fill=\"#fff\" d=\"M2 0a2 2 0 0 0-2 2v2h1.5V2a.5.5 0 0 1 .5-.5h2V0H2Zm2 10.5H2a.5.5 0 0 1-.5-.5V8H0v2a2 2 0 0 0 2 2h2v-1.5ZM8 12v-1.5h2a.5.5 0 0 0 .5-.5V8H12v2a2 2 0 0 1-2 2H8Zm2-12a2 2 0 0 1 2 2v2h-1.5V2a.5.5 0 0 0-.5-.5H8V0h2Z\" \/>\n\t\t\t<\/svg>\n\t\t<\/button><\/figure>\n\n\n\n<figure data-wp-context=\"{&quot;imageId&quot;:&quot;69defcedc266e&quot;}\" data-wp-interactive=\"core\/image\" data-wp-key=\"69defcedc266e\" class=\"wp-block-image size-large wp-lightbox-container\"><img loading=\"lazy\" decoding=\"async\" width=\"576\" height=\"1024\" data-wp-class--hide=\"state.isContentHidden\" data-wp-class--show=\"state.isContentVisible\" data-wp-init=\"callbacks.setButtonStyles\" data-wp-on--click=\"actions.showLightbox\" data-wp-on--load=\"callbacks.setButtonStyles\" data-wp-on-window--resize=\"callbacks.setButtonStyles\" data-id=\"31\" src=\"https:\/\/chnobottes-racrange.fr\/wp-content\/uploads\/2025\/05\/DSC_2531-576x1024.jpg\" alt=\"\" class=\"wp-image-31\" srcset=\"https:\/\/chnobottes-racrange.fr\/wp-content\/uploads\/2025\/05\/DSC_2531-576x1024.jpg 576w, https:\/\/chnobottes-racrange.fr\/wp-content\/uploads\/2025\/05\/DSC_2531-169x300.jpg 169w, https:\/\/chnobottes-racrange.fr\/wp-content\/uploads\/2025\/05\/DSC_2531-768x1365.jpg 768w, https:\/\/chnobottes-racrange.fr\/wp-content\/uploads\/2025\/05\/DSC_2531-864x1536.jpg 864w, https:\/\/chnobottes-racrange.fr\/wp-content\/uploads\/2025\/05\/DSC_2531-1152x2048.jpg 1152w, https:\/\/chnobottes-racrange.fr\/wp-content\/uploads\/2025\/05\/DSC_2531-scaled.jpg 1440w\" sizes=\"auto, (max-width: 576px) 100vw, 576px\" \/><button\n\t\t\tclass=\"lightbox-trigger\"\n\t\t\ttype=\"button\"\n\t\t\taria-haspopup=\"dialog\"\n\t\t\taria-label=\"Agrandir\"\n\t\t\tdata-wp-init=\"callbacks.initTriggerButton\"\n\t\t\tdata-wp-on--click=\"actions.showLightbox\"\n\t\t\tdata-wp-style--right=\"state.imageButtonRight\"\n\t\t\tdata-wp-style--top=\"state.imageButtonTop\"\n\t\t>\n\t\t\t<svg xmlns=\"http:\/\/www.w3.org\/2000\/svg\" width=\"12\" height=\"12\" fill=\"none\" viewBox=\"0 0 12 12\">\n\t\t\t\t<path fill=\"#fff\" d=\"M2 0a2 2 0 0 0-2 2v2h1.5V2a.5.5 0 0 1 .5-.5h2V0H2Zm2 10.5H2a.5.5 0 0 1-.5-.5V8H0v2a2 2 0 0 0 2 2h2v-1.5ZM8 12v-1.5h2a.5.5 0 0 0 .5-.5V8H12v2a2 2 0 0 1-2 2H8Zm2-12a2 2 0 0 1 2 2v2h-1.5V2a.5.5 0 0 0-.5-.5H8V0h2Z\" \/>\n\t\t\t<\/svg>\n\t\t<\/button><\/figure>\n\n\n\n<figure data-wp-context=\"{&quot;imageId&quot;:&quot;69defcedc2c52&quot;}\" data-wp-interactive=\"core\/image\" data-wp-key=\"69defcedc2c52\" class=\"wp-block-image size-large wp-lightbox-container\"><img loading=\"lazy\" decoding=\"async\" width=\"576\" height=\"1024\" data-wp-class--hide=\"state.isContentHidden\" data-wp-class--show=\"state.isContentVisible\" data-wp-init=\"callbacks.setButtonStyles\" data-wp-on--click=\"actions.showLightbox\" data-wp-on--load=\"callbacks.setButtonStyles\" data-wp-on-window--resize=\"callbacks.setButtonStyles\" data-id=\"30\" src=\"https:\/\/chnobottes-racrange.fr\/wp-content\/uploads\/2025\/05\/DSC_2517-576x1024.jpg\" alt=\"\" class=\"wp-image-30\" srcset=\"https:\/\/chnobottes-racrange.fr\/wp-content\/uploads\/2025\/05\/DSC_2517-576x1024.jpg 576w, https:\/\/chnobottes-racrange.fr\/wp-content\/uploads\/2025\/05\/DSC_2517-169x300.jpg 169w, https:\/\/chnobottes-racrange.fr\/wp-content\/uploads\/2025\/05\/DSC_2517-768x1365.jpg 768w, https:\/\/chnobottes-racrange.fr\/wp-content\/uploads\/2025\/05\/DSC_2517-864x1536.jpg 864w, https:\/\/chnobottes-racrange.fr\/wp-content\/uploads\/2025\/05\/DSC_2517-1152x2048.jpg 1152w, https:\/\/chnobottes-racrange.fr\/wp-content\/uploads\/2025\/05\/DSC_2517-scaled.jpg 1440w\" sizes=\"auto, (max-width: 576px) 100vw, 576px\" \/><button\n\t\t\tclass=\"lightbox-trigger\"\n\t\t\ttype=\"button\"\n\t\t\taria-haspopup=\"dialog\"\n\t\t\taria-label=\"Agrandir\"\n\t\t\tdata-wp-init=\"callbacks.initTriggerButton\"\n\t\t\tdata-wp-on--click=\"actions.showLightbox\"\n\t\t\tdata-wp-style--right=\"state.imageButtonRight\"\n\t\t\tdata-wp-style--top=\"state.imageButtonTop\"\n\t\t>\n\t\t\t<svg xmlns=\"http:\/\/www.w3.org\/2000\/svg\" width=\"12\" height=\"12\" fill=\"none\" viewBox=\"0 0 12 12\">\n\t\t\t\t<path fill=\"#fff\" d=\"M2 0a2 2 0 0 0-2 2v2h1.5V2a.5.5 0 0 1 .5-.5h2V0H2Zm2 10.5H2a.5.5 0 0 1-.5-.5V8H0v2a2 2 0 0 0 2 2h2v-1.5ZM8 12v-1.5h2a.5.5 0 0 0 .5-.5V8H12v2a2 2 0 0 1-2 2H8Zm2-12a2 2 0 0 1 2 2v2h-1.5V2a.5.5 0 0 0-.5-.5H8V0h2Z\" \/>\n\t\t\t<\/svg>\n\t\t<\/button><\/figure>\n\n\n\n<figure data-wp-context=\"{&quot;imageId&quot;:&quot;69defcedc3186&quot;}\" data-wp-interactive=\"core\/image\" data-wp-key=\"69defcedc3186\" class=\"wp-block-image size-large wp-lightbox-container\"><img loading=\"lazy\" decoding=\"async\" width=\"1024\" height=\"576\" data-wp-class--hide=\"state.isContentHidden\" data-wp-class--show=\"state.isContentVisible\" data-wp-init=\"callbacks.setButtonStyles\" data-wp-on--click=\"actions.showLightbox\" data-wp-on--load=\"callbacks.setButtonStyles\" data-wp-on-window--resize=\"callbacks.setButtonStyles\" data-id=\"29\" src=\"https:\/\/chnobottes-racrange.fr\/wp-content\/uploads\/2025\/05\/DSC_2500-1024x576.jpg\" alt=\"\" class=\"wp-image-29\" srcset=\"https:\/\/chnobottes-racrange.fr\/wp-content\/uploads\/2025\/05\/DSC_2500-1024x576.jpg 1024w, https:\/\/chnobottes-racrange.fr\/wp-content\/uploads\/2025\/05\/DSC_2500-300x169.jpg 300w, https:\/\/chnobottes-racrange.fr\/wp-content\/uploads\/2025\/05\/DSC_2500-768x432.jpg 768w, https:\/\/chnobottes-racrange.fr\/wp-content\/uploads\/2025\/05\/DSC_2500-1536x864.jpg 1536w, https:\/\/chnobottes-racrange.fr\/wp-content\/uploads\/2025\/05\/DSC_2500-2048x1152.jpg 2048w\" sizes=\"auto, (max-width: 1024px) 100vw, 1024px\" \/><button\n\t\t\tclass=\"lightbox-trigger\"\n\t\t\ttype=\"button\"\n\t\t\taria-haspopup=\"dialog\"\n\t\t\taria-label=\"Agrandir\"\n\t\t\tdata-wp-init=\"callbacks.initTriggerButton\"\n\t\t\tdata-wp-on--click=\"actions.showLightbox\"\n\t\t\tdata-wp-style--right=\"state.imageButtonRight\"\n\t\t\tdata-wp-style--top=\"state.imageButtonTop\"\n\t\t>\n\t\t\t<svg xmlns=\"http:\/\/www.w3.org\/2000\/svg\" width=\"12\" height=\"12\" fill=\"none\" viewBox=\"0 0 12 12\">\n\t\t\t\t<path fill=\"#fff\" d=\"M2 0a2 2 0 0 0-2 2v2h1.5V2a.5.5 0 0 1 .5-.5h2V0H2Zm2 10.5H2a.5.5 0 0 1-.5-.5V8H0v2a2 2 0 0 0 2 2h2v-1.5ZM8 12v-1.5h2a.5.5 0 0 0 .5-.5V8H12v2a2 2 0 0 1-2 2H8Zm2-12a2 2 0 0 1 2 2v2h-1.5V2a.5.5 0 0 0-.5-.5H8V0h2Z\" \/>\n\t\t\t<\/svg>\n\t\t<\/button><\/figure>\n\n\n\n<figure data-wp-context=\"{&quot;imageId&quot;:&quot;69defcedc36b0&quot;}\" data-wp-interactive=\"core\/image\" data-wp-key=\"69defcedc36b0\" class=\"wp-block-image size-large wp-lightbox-container\"><img loading=\"lazy\" decoding=\"async\" width=\"1024\" height=\"576\" data-wp-class--hide=\"state.isContentHidden\" data-wp-class--show=\"state.isContentVisible\" data-wp-init=\"callbacks.setButtonStyles\" data-wp-on--click=\"actions.showLightbox\" data-wp-on--load=\"callbacks.setButtonStyles\" data-wp-on-window--resize=\"callbacks.setButtonStyles\" data-id=\"28\" src=\"https:\/\/chnobottes-racrange.fr\/wp-content\/uploads\/2025\/05\/DSC_2496-1024x576.jpg\" alt=\"\" class=\"wp-image-28\" srcset=\"https:\/\/chnobottes-racrange.fr\/wp-content\/uploads\/2025\/05\/DSC_2496-1024x576.jpg 1024w, https:\/\/chnobottes-racrange.fr\/wp-content\/uploads\/2025\/05\/DSC_2496-300x169.jpg 300w, https:\/\/chnobottes-racrange.fr\/wp-content\/uploads\/2025\/05\/DSC_2496-768x432.jpg 768w, https:\/\/chnobottes-racrange.fr\/wp-content\/uploads\/2025\/05\/DSC_2496-1536x864.jpg 1536w, https:\/\/chnobottes-racrange.fr\/wp-content\/uploads\/2025\/05\/DSC_2496-2048x1152.jpg 2048w\" sizes=\"auto, (max-width: 1024px) 100vw, 1024px\" \/><button\n\t\t\tclass=\"lightbox-trigger\"\n\t\t\ttype=\"button\"\n\t\t\taria-haspopup=\"dialog\"\n\t\t\taria-label=\"Agrandir\"\n\t\t\tdata-wp-init=\"callbacks.initTriggerButton\"\n\t\t\tdata-wp-on--click=\"actions.showLightbox\"\n\t\t\tdata-wp-style--right=\"state.imageButtonRight\"\n\t\t\tdata-wp-style--top=\"state.imageButtonTop\"\n\t\t>\n\t\t\t<svg xmlns=\"http:\/\/www.w3.org\/2000\/svg\" width=\"12\" height=\"12\" fill=\"none\" viewBox=\"0 0 12 12\">\n\t\t\t\t<path fill=\"#fff\" d=\"M2 0a2 2 0 0 0-2 2v2h1.5V2a.5.5 0 0 1 .5-.5h2V0H2Zm2 10.5H2a.5.5 0 0 1-.5-.5V8H0v2a2 2 0 0 0 2 2h2v-1.5ZM8 12v-1.5h2a.5.5 0 0 0 .5-.5V8H12v2a2 2 0 0 1-2 2H8Zm2-12a2 2 0 0 1 2 2v2h-1.5V2a.5.5 0 0 0-.5-.5H8V0h2Z\" \/>\n\t\t\t<\/svg>\n\t\t<\/button><\/figure>\n<\/figure>\n<\/div>\n<\/div>\n\n\n\n<p><\/p>\n","protected":false},"excerpt":{"rendered":"<p>D\u00e9couvrez notre topoguide En association avec la CASAS, les chnobottes ont publi\u00e9 un topoguide pr\u00e9sentant 10 circuit de notre secteur. Chaque circuit est balis\u00e9 et entretenu par nos soins ! Cliquez ici<\/p>\n","protected":false},"author":1,"featured_media":0,"parent":0,"menu_order":0,"comment_status":"closed","ping_status":"closed","template":"","meta":{"footnotes":""},"class_list":["post-8","page","type-page","status-publish","hentry"],"_links":{"self":[{"href":"https:\/\/chnobottes-racrange.fr\/index.php?rest_route=\/wp\/v2\/pages\/8","targetHints":{"allow":["GET"]}}],"collection":[{"href":"https:\/\/chnobottes-racrange.fr\/index.php?rest_route=\/wp\/v2\/pages"}],"about":[{"href":"https:\/\/chnobottes-racrange.fr\/index.php?rest_route=\/wp\/v2\/types\/page"}],"author":[{"embeddable":true,"href":"https:\/\/chnobottes-racrange.fr\/index.php?rest_route=\/wp\/v2\/users\/1"}],"replies":[{"embeddable":true,"href":"https:\/\/chnobottes-racrange.fr\/index.php?rest_route=%2Fwp%2Fv2%2Fcomments&post=8"}],"version-history":[{"count":5,"href":"https:\/\/chnobottes-racrange.fr\/index.php?rest_route=\/wp\/v2\/pages\/8\/revisions"}],"predecessor-version":[{"id":59,"href":"https:\/\/chnobottes-racrange.fr\/index.php?rest_route=\/wp\/v2\/pages\/8\/revisions\/59"}],"wp:attachment":[{"href":"https:\/\/chnobottes-racrange.fr\/index.php?rest_route=%2Fwp%2Fv2%2Fmedia&parent=8"}],"curies":[{"name":"wp","href":"https:\/\/api.w.org\/{rel}","templated":true}]}}